{"id":951,"date":"2021-04-13T21:01:40","date_gmt":"2021-04-13T20:01:40","guid":{"rendered":"https:\/\/healthru.net\/?page_id=951"},"modified":"2021-04-13T21:06:52","modified_gmt":"2021-04-13T20:06:52","slug":"homefr","status":"publish","type":"page","link":"https:\/\/healthru.net\/fr\/","title":{"rendered":"homefr"},"content":{"rendered":"<p>[vc_row][vc_column][vc_column_text]<\/p>\n<h2 style=\"text-align: center;\">4 \u00e9tapes pour une vie saine<\/h2>\n<p>[\/vc_column_text][vc_separator][\/vc_column][\/vc_row][vc_row][vc_column][vc_single_image image=&#8221;885&#8243; img_size=&#8221;large&#8221; alignment=&#8221;center&#8221;][\/vc_column][\/vc_row][vc_row][vc_column][vc_column_text]<\/p>\n<h3>LA TURQUIE CONTINUE DE DOMINER LE TOURISME DE SANT\u00c9 MONDIAL<\/h3>\n<p>Le tourisme de sant\u00e9 en Turquie se d\u00e9veloppe sans aucun doute chaque ann\u00e9e, le pays devenant un acteur dominant dans l&#8217;industrie mondiale. Selon des donn\u00e9es publi\u00e9es r\u00e9cemment par l&#8217;Institut turc de statistique (TurkStat), le secteur du tourisme de sant\u00e9 en Turquie a augment\u00e9 de 12% pour atteindre 700 millions de dollars en 2016. La Turquie a d\u00e9j\u00e0 \u00e9t\u00e9 une plaque tournante pour les services de greffe de cheveux et de physioth\u00e9rapie, accueillant des patients de pr\u00e8s de 60 pays[\/vc_column_text][\/vc_column][\/vc_row][vc_row][vc_column][vc_gallery type=&#8221;image_grid&#8221; images=&#8221;157,156,109,830,78&#8243; onclick=&#8221;&#8221;][\/vc_column][\/vc_row][vc_row][vc_column][vc_column_text]<\/p>\n<h3>TOURISME M\u00c9DICAL TURQUIE<\/h3>\n<p>Les normes les plus \u00e9lev\u00e9es en mati\u00e8re de traitements m\u00e9dicaux. Un large \u00e9ventail de proc\u00e9dures et de services pour les voyageurs m\u00e9dicaux. M\u00e9thodes de traitement efficaces avec les options les moins co\u00fbteuses.<\/p>\n<p>Transplantations de cellules souches<br \/>\nLes troubles du sommeil<br \/>\nTraitement du psoriasis<br \/>\nPhysioth\u00e9rapie<br \/>\nOxyg\u00e9noth\u00e9rapie<br \/>\nChirurgie plastique[\/vc_column_text][\/vc_column][\/vc_row][vc_row][vc_column][vc_column_text]<\/p>\n<h3>HEALTHRU SERVICES<\/h3>\n<p>Rendez-vous m\u00e9dicaux, Estimation des co\u00fbts pour le traitement pr\u00e9vu, Aide pour les transferts a\u00e9roport, Arrangements de voyage et d&#8217;h\u00e9bergement, Tarifs de vol r\u00e9duits et avantages suppl\u00e9mentaires, Organisation des services de maison d&#8217;h\u00f4tes \/ d&#8217;h\u00e9bergement, Facilitation des processus d&#8217;admission, de sortie et de suivi, Personnel parlant plusieurs langues, et prestation de services d&#8217;interpr\u00e9tation en anglais, organisation de services d&#8217;ambulance a\u00e9rienne et terrestre, autres services sur demande.[\/vc_column_text][\/vc_column][\/vc_row]<\/p>\n","protected":false},"excerpt":{"rendered":"<p>[vc_row][vc_column][vc_column_text] 4 \u00e9tapes pour une vie saine [\/vc_column_text][vc_separator][\/vc_column][\/vc_row][vc_row][vc_column][vc_single_image image=&#8221;885&#8243; img_size=&#8221;large&#8221; alignment=&#8221;center&#8221;][\/vc_column][\/vc_row][vc_row][vc_column][vc_column_text] LA TURQUIE CONTINUE DE DOMINER LE TOURISME DE SANT\u00c9 MONDIAL Le tourisme de sant\u00e9 en Turquie se d\u00e9veloppe sans aucun doute chaque ann\u00e9e, le pays devenant un acteur dominant dans l&#8217;industrie mondiale. Selon des donn\u00e9es publi\u00e9es r\u00e9cemment par l&#8217;Institut turc de statistique (TurkStat), le [&hellip;]<\/p>\n","protected":false},"author":1,"featured_media":0,"parent":0,"menu_order":0,"comment_status":"open","ping_status":"open","template":"templates\/home.php","meta":{"footnotes":""},"class_list":["post-951","page","type-page","status-publish","hentry","clearfix"],"_links":{"self":[{"href":"https:\/\/healthru.net\/fr\/wp-json\/wp\/v2\/pages\/951","targetHints":{"allow":["GET"]}}],"collection":[{"href":"https:\/\/healthru.net\/fr\/wp-json\/wp\/v2\/pages"}],"about":[{"href":"https:\/\/healthru.net\/fr\/wp-json\/wp\/v2\/types\/page"}],"author":[{"embeddable":true,"href":"https:\/\/healthru.net\/fr\/wp-json\/wp\/v2\/users\/1"}],"replies":[{"embeddable":true,"href":"https:\/\/healthru.net\/fr\/wp-json\/wp\/v2\/comments?post=951"}],"version-history":[{"count":4,"href":"https:\/\/healthru.net\/fr\/wp-json\/wp\/v2\/pages\/951\/revisions"}],"predecessor-version":[{"id":955,"href":"https:\/\/healthru.net\/fr\/wp-json\/wp\/v2\/pages\/951\/revisions\/955"}],"wp:attachment":[{"href":"https:\/\/healthru.net\/fr\/wp-json\/wp\/v2\/media?parent=951"}],"curies":[{"name":"wp","href":"https:\/\/api.w.org\/{rel}","templated":true}]}}