{"id":956,"date":"2021-04-13T21:08:58","date_gmt":"2021-04-13T20:08:58","guid":{"rendered":"https:\/\/healthru.net\/?page_id=956"},"modified":"2021-04-13T21:19:06","modified_gmt":"2021-04-13T20:19:06","slug":"nos-services","status":"publish","type":"page","link":"https:\/\/healthru.net\/fr\/nos-services\/","title":{"rendered":"Nos services"},"content":{"rendered":"<p>[vc_row][vc_column][vc_column_text]<\/p>\r\n<h3 class=\"wp-block-heading\"><img decoding=\"async\" src=\"http:\/\/www.travelmeduk.com\/images\/b1.png\" alt=\"\" \/> Op\u00e9rations complexes effectu\u00e9es dans les 3 semaines<\/h3>\r\n<h3><img decoding=\"async\" src=\"http:\/\/www.travelmeduk.com\/images\/b1.png\" alt=\"\" \/> Sans probl\u00e8me &#8211; Chaque aspect de votre voyage est pris en charge pour vous<\/h3>\r\n<h3><img decoding=\"async\" src=\"http:\/\/www.travelmeduk.com\/images\/b1.png\" alt=\"\" \/> Combinez une pause relaxante avec un traitement<\/h3>\r\n<h3><img decoding=\"async\" src=\"http:\/\/www.travelmeduk.com\/images\/b1.png\" alt=\"\" \/> Prise en charge et transferts \u00e0 l&#8217;a\u00e9roport<\/h3>\r\n<h3><img decoding=\"async\" src=\"http:\/\/www.travelmeduk.com\/images\/b1.png\" alt=\"\" \/> Chirurgie esth\u00e9tique et plastique<\/h3>\r\n\r\n<p>&nbsp;<\/p>\r\n\r\n<p>&nbsp;<\/p>\r\n\r\n<h4 class=\"wp-block-heading\">\u00a0<\/h4>\r\n\r\n<p>Implants mammaires<br \/>Lifting du visage<br \/>Liposuccion<br \/>Rhinoplastie<\/p>\r\n<!-- \/wp:post-content -->\r\n<p>&nbsp;<\/p>\r\n<!-- wp:heading {\"level\":4} -->\r\n<h4><img decoding=\"async\" src=\"http:\/\/www.travelmeduk.com\/images\/b5.png\" alt=\"\" \/>Greffe de cheveux<\/h4>\r\n<!-- \/wp:heading -->\r\n<p>M\u00e9thode percutan\u00e9e saphir<br \/>M\u00e9thode FUE<br \/>Sans raccourcir les cheveux<br \/>Barbe, moustache et sourcil<\/p>\r\n<!-- \/wp:paragraph -->\r\n<p>&nbsp;<\/p>\r\n<!-- wp:heading {\"level\":4} -->\r\n<h4><img decoding=\"async\" src=\"http:\/\/www.travelmeduk.com\/images\/b5.png\" alt=\"\" \/>Traitements oculaires<\/h4>\r\n<!-- \/wp:heading -->\r\n<p>Lasik (les deux yeux)<br \/>Chirurgie de la cataracte (par \u0153il)<\/p>\r\n<!-- \/wp:paragraph -->\r\n<p>&nbsp;<\/p>\r\n<!-- wp:heading {\"level\":4} -->\r\n<h4><img decoding=\"async\" src=\"http:\/\/www.travelmeduk.com\/images\/b5.png\" alt=\"\" \/>Chirurgie de l&#8217;ob\u00e9sit\u00e9<\/h4>\r\n<!-- \/wp:heading -->\r\n<p>Ballon intragastrique<br \/>Chirurgie de l&#8217;anneau gastrique<br \/>Chirurgie de la douille gastrique<br \/>Chirurgie de d\u00e9rivation gastrique<\/p>\r\n<!-- \/wp:paragraph -->\r\n<p>&nbsp;<\/p>\r\n<!-- wp:heading {\"level\":4} -->\r\n<h4><img decoding=\"async\" src=\"http:\/\/www.travelmeduk.com\/images\/b5.png\" alt=\"\" \/>Traitements dentaires<\/h4>\r\n<!-- \/wp:heading -->\r\n<p>Implant dentaire<br \/>Chirurgie buccale et maxillo-faciale<br \/>Orthodontie<\/p>\r\n<!-- \/wp:paragraph -->\r\n<p>&nbsp;<\/p>\r\n<!-- wp:heading {\"level\":4} -->\r\n<h4><img decoding=\"async\" src=\"http:\/\/www.travelmeduk.com\/images\/b5.png\" alt=\"\" \/>V\u00e9rification<\/h4>\r\n<!-- \/wp:heading -->\r\n<p>Contr\u00f4le standard<br \/>Contr\u00f4le masculin (moins de 40 ans)<br \/>Contr\u00f4le f\u00e9minin (moins de 40 ans)<br \/>Contr\u00f4le masculin (plus de 40 ans)<br \/>Contr\u00f4le f\u00e9minin (plus de 40 ans)<\/p>\r\n<!-- \/wp:paragraph -->\r\n<p>&nbsp;<\/p>\r\n<!-- wp:heading {\"level\":4} -->\r\n<h4><img decoding=\"async\" src=\"http:\/\/www.travelmeduk.com\/images\/b5.png\" alt=\"\" \/>Traitement FIV<\/h4>\r\n<!-- \/wp:heading -->\r\n<p>&nbsp;<\/p>\r\n<p>[\/vc_column_text][\/vc_column][\/vc_row]<\/p>","protected":false},"excerpt":{"rendered":"<p>[vc_row][vc_column][vc_column_text] Op\u00e9rations complexes effectu\u00e9es dans les 3 semaines Sans probl\u00e8me &#8211; Chaque aspect de votre voyage est pris en charge pour vous Combinez une pause relaxante avec un traitement Prise en charge et transferts \u00e0 l&#8217;a\u00e9roport Chirurgie esth\u00e9tique et plastique &nbsp; &nbsp; \u00a0 Implants mammairesLifting du visageLiposuccionRhinoplastie &nbsp; Greffe de cheveux M\u00e9thode percutan\u00e9e saphirM\u00e9thode FUESans [&hellip;]<\/p>\n","protected":false},"author":1,"featured_media":0,"parent":0,"menu_order":0,"comment_status":"closed","ping_status":"closed","template":"templates\/fullwidth.php","meta":{"footnotes":""},"class_list":["post-956","page","type-page","status-publish","hentry","clearfix"],"_links":{"self":[{"href":"https:\/\/healthru.net\/fr\/wp-json\/wp\/v2\/pages\/956","targetHints":{"allow":["GET"]}}],"collection":[{"href":"https:\/\/healthru.net\/fr\/wp-json\/wp\/v2\/pages"}],"about":[{"href":"https:\/\/healthru.net\/fr\/wp-json\/wp\/v2\/types\/page"}],"author":[{"embeddable":true,"href":"https:\/\/healthru.net\/fr\/wp-json\/wp\/v2\/users\/1"}],"replies":[{"embeddable":true,"href":"https:\/\/healthru.net\/fr\/wp-json\/wp\/v2\/comments?post=956"}],"version-history":[{"count":3,"href":"https:\/\/healthru.net\/fr\/wp-json\/wp\/v2\/pages\/956\/revisions"}],"predecessor-version":[{"id":959,"href":"https:\/\/healthru.net\/fr\/wp-json\/wp\/v2\/pages\/956\/revisions\/959"}],"wp:attachment":[{"href":"https:\/\/healthru.net\/fr\/wp-json\/wp\/v2\/media?parent=956"}],"curies":[{"name":"wp","href":"https:\/\/api.w.org\/{rel}","templated":true}]}}