{"id":960,"date":"2021-04-13T21:20:45","date_gmt":"2021-04-13T20:20:45","guid":{"rendered":"https:\/\/healthru.net\/?page_id=960"},"modified":"2021-04-13T21:23:46","modified_gmt":"2021-04-13T20:23:46","slug":"a-propos-de-nous","status":"publish","type":"page","link":"https:\/\/healthru.net\/fr\/a-propos-de-nous\/","title":{"rendered":"\u00e0 propos de nous"},"content":{"rendered":"<p>[vc_row][vc_column][vc_column_text]<\/p>\n<div class=\"heading_module__156eJ wil-text-left \">\n<h2>\u00c0 PROPOS DE NOUS<\/h2>\n<p>Nous essayons de fournir les informations les plus pr\u00e9cises sur les meilleurs prestataires de soins et de services dont vous avez besoin. Notre objectif est d&#8217;\u00eatre avec vous tout au long de votre exp\u00e9rience de soins de sant\u00e9 et d&#8217;offrir des m\u00e9decins et des cliniques qui sont &#8211; partout dans le monde. Avec de nombreux partenaires locaux \u00e0 travers le monde, Healthru peut offrir ce service avec une qualit\u00e9 et une facilit\u00e9 \u00e9lev\u00e9es.<\/p>\n<p>Chaque patient m\u00e9rite de recevoir des services de sant\u00e9 des meilleurs m\u00e9decins. Nous fournissons des solutions rapides \u00e0 nos patients en fonction de leurs besoins m\u00e9dicaux, demandes sp\u00e9ciales, soins de sant\u00e9 et toutes autres exigences. Notre objectif est de faire en sorte que chacun dans le monde puisse b\u00e9n\u00e9ficier de services de sant\u00e9 de la plus haute qualit\u00e9, quel que soit son emplacement.<\/p>\n<p>&nbsp;<\/p>\n<h2>Contrairement \u00e0 de nombreux services de sant\u00e9 de mauvaise qualit\u00e9, comme adopter une approche similaire pour chaque patient ayant des probl\u00e8mes de sant\u00e9 diff\u00e9rents, ne pas informer suffisamment les patients sur le processus de traitement et les longs d\u00e9lais d&#8217;attente, Healthru vise \u00e0 \u00eatre le pionnier des services de sant\u00e9 de haute qualit\u00e9 en aidant les gens. trouver les meilleurs m\u00e9decins sp\u00e9cialis\u00e9s.<\/h2>\n<\/div>\n<p>[\/vc_column_text][\/vc_column][\/vc_row]<\/p>\n","protected":false},"excerpt":{"rendered":"<p>[vc_row][vc_column][vc_column_text] \u00c0 PROPOS DE NOUS Nous essayons de fournir les informations les plus pr\u00e9cises sur les meilleurs prestataires de soins et de services dont vous avez besoin. Notre objectif est d&#8217;\u00eatre avec vous tout au long de votre exp\u00e9rience de soins de sant\u00e9 et d&#8217;offrir des m\u00e9decins et des cliniques qui sont &#8211; partout dans [&hellip;]<\/p>\n","protected":false},"author":1,"featured_media":0,"parent":0,"menu_order":0,"comment_status":"closed","ping_status":"open","template":"templates\/fullwidth.php","meta":{"footnotes":""},"class_list":["post-960","page","type-page","status-publish","hentry","clearfix"],"_links":{"self":[{"href":"https:\/\/healthru.net\/fr\/wp-json\/wp\/v2\/pages\/960","targetHints":{"allow":["GET"]}}],"collection":[{"href":"https:\/\/healthru.net\/fr\/wp-json\/wp\/v2\/pages"}],"about":[{"href":"https:\/\/healthru.net\/fr\/wp-json\/wp\/v2\/types\/page"}],"author":[{"embeddable":true,"href":"https:\/\/healthru.net\/fr\/wp-json\/wp\/v2\/users\/1"}],"replies":[{"embeddable":true,"href":"https:\/\/healthru.net\/fr\/wp-json\/wp\/v2\/comments?post=960"}],"version-history":[{"count":4,"href":"https:\/\/healthru.net\/fr\/wp-json\/wp\/v2\/pages\/960\/revisions"}],"predecessor-version":[{"id":964,"href":"https:\/\/healthru.net\/fr\/wp-json\/wp\/v2\/pages\/960\/revisions\/964"}],"wp:attachment":[{"href":"https:\/\/healthru.net\/fr\/wp-json\/wp\/v2\/media?parent=960"}],"curies":[{"name":"wp","href":"https:\/\/api.w.org\/{rel}","templated":true}]}}