{"id":966,"date":"2021-04-13T21:27:54","date_gmt":"2021-04-13T20:27:54","guid":{"rendered":"https:\/\/healthru.net\/?page_id=966"},"modified":"2025-02-05T08:39:18","modified_gmt":"2025-02-05T08:39:18","slug":"etablissements-de-sante-sous-contrat","status":"publish","type":"page","link":"https:\/\/healthru.net\/fr\/etablissements-de-sante-sous-contrat\/","title":{"rendered":"\u00c9tablissements de sant\u00e9 sous contrat"},"content":{"rendered":"[vc_row][vc_column][vc_column_text]\r\n<h2>\u00c9tablissements de Sant\u00e9 Affili\u00e9s<\/h2>\r\n[\/vc_column_text][\/vc_column][\/vc_row][vc_row equal_height=&#8221;yes&#8221; content_placement=&#8221;top&#8221;][vc_column width=&#8221;1\/3&#8243;][vc_single_image image=&#8221;1001&#8243; img_size=&#8221;medium&#8221;][vc_column_text]\r\n<p class=\"font_8\" style=\"text-align: center;\"><strong>Zafer Kaya M.D. FEBOPRAS<\/strong><\/p>\r\n<p style=\"text-align: center;\">Le Dr Zafer Kaya a obtenu son dipl\u00f4me du d\u00e9partement d\u2019anglais de la Facult\u00e9 de M\u00e9decine de l\u2019Universit\u00e9 Hacettepe et a obtenu le titre de Docteur en M\u00e9decine. Il a pr\u00e9f\u00e9r\u00e9 \u00e9tudier dans le d\u00e9partement de chirurgie plastique lors de l\u2019examen de sp\u00e9cialit\u00e9 m\u00e9dicale (TUS). Il a fait partie des meilleurs candidats \u00e0 l\u2019examen et a \u00e9t\u00e9 admis \u00e0 la Facult\u00e9 de M\u00e9decine de l\u2019Universit\u00e9 Marmara, D\u00e9partement de Chirurgie Plastique, Reconstructive et Esth\u00e9tique.<\/p>\r\n<p style=\"text-align: center;\"><a href=\"https:\/\/www.drzaferkaya.com\/en\">https:\/\/www.drzaferkaya.com\/en<\/a><\/p>\r\n<p class=\"font_8\" style=\"text-align: center;\"><strong>Adresse:<\/strong>\u00a0Rumeli Caddesi, No:22, Rumeli Plaza 3. Kat, \u015ei\u015fli \u2013 \u0130STANBUL \/ TURKEY<\/p>\r\n<p class=\"font_8\" style=\"text-align: center;\"><strong>E-mail:<\/strong>\u00a0<a href=\"mailto:info@drzaferkaya.com\" data-auto-recognition=\"true\">info@drzaferkaya.com<\/a><\/p>\r\n<p class=\"font_8\" style=\"text-align: center;\"><strong>T\u00e9l\u00e9phone:<\/strong>\u00a0+90 532 774 18 12<\/p>\r\n[\/vc_column_text][\/vc_column][vc_column width=&#8221;1\/3&#8243;][vc_single_image image=&#8221;1004&#8243; img_size=&#8221;medium&#8221;][vc_column_text]\r\n<p class=\"font_8\" style=\"text-align: center;\"><strong>Op. Dr. Tu\u011fba Feryal YILDIZ DE\u011eER<\/strong><\/p>\r\n<p style=\"text-align: center;\">Dr Tu\u011fba Feryal YILDIZ DE\u011eER est n\u00e9e \u00e0 Ankara en 1989. elle a obtenu son dipl\u00f4me de la Facult\u00e9 de M\u00e9decine de l\u2019Universit\u00e9 Ege en 2013. Apr\u00e8s avoir termin\u00e9 sa formation m\u00e9dicale, elle est devenu sp\u00e9cialiste en Chirurgie Plastique, Reconstructive et Esth\u00e9tique \u00e0 la Facult\u00e9 de M\u00e9decine Cerrahpa\u015fa de l\u2019Universit\u00e9 d\u2019Istanbul en 2018.<\/p>\r\n<p style=\"text-align: center;\"><a href=\"https:\/\/drferyaldeger.com\/en\/\">https:\/\/drferyaldeger.com\/en\/<\/a><\/p>\r\n<p style=\"text-align: center;\"><strong>Adresse:<\/strong>\u00a0Me\u015fr\u00fbtiyet mahallesi Rumeli caddesi Rumeli plaza no:22 kat:3 daire:3 \u015ei\u015fli \u0130stanbul<\/p>\r\n<p style=\"text-align: center;\"><strong>E-mail:<\/strong>\u00a0info@drferyaldeger.com<\/p>\r\n<p style=\"text-align: center;\"><strong>T\u00e9l\u00e9phone:<\/strong>\u00a0+90 546 905 15 53<\/p>\r\n[\/vc_column_text][\/vc_column][vc_column width=&#8221;1\/3&#8243;][vc_single_image image=&#8221;1018&#8243; img_size=&#8221;medium&#8221;][vc_column_text]\r\n<p style=\"text-align: center;\"><strong>Central Hospital Etiler<\/strong><\/p>\r\n<p style=\"text-align: center;\">L&#8217;h\u00f4pital central joue un r\u00f4le de premier plan dans les services de sant\u00e9 depuis 1994. Avec nos succursales situ\u00e9es dans les r\u00e9gions de Kozyata\u011f\u0131, Ata\u015fehir et Etiler \u00e0 Istanbul, nous fournissons des services aux patients nationaux et internationaux. Nous visons \u00e0 fournir la plus haute qualit\u00e9 dans les processus de diagnostic et de traitement de nos patients en utilisant les appareils les plus avanc\u00e9s des technologies m\u00e9dicales modernes.<\/p>\r\n<p style=\"text-align: center;\"><a href=\"http:\/\/www.central.com.tr\">www.central.com.tr<\/a><\/p>\r\n<p style=\"text-align: center;\"><strong>Adresse:<\/strong> Etiler Nispetiye Caddesi, Ayd\u0131n Soka\u011f\u0131 No:1, Be\u015fikta\u015f\/\u0130stanbul<\/p>\r\n<p style=\"text-align: center;\"><strong>Courriel:<\/strong> info@metcer.com.tr<\/p>\r\n<p style=\"text-align: center;\"><strong>T\u00e9l\u00e9phone:<\/strong> 444 77 99 99 444 77 99<\/p>\r\n[\/vc_column_text][\/vc_column][\/vc_row]<!-- \/wp:post-content -->","protected":false},"excerpt":{"rendered":"<p>[vc_row][vc_column][vc_column_text] \u00c9tablissements de Sant\u00e9 Affili\u00e9s [\/vc_column_text][\/vc_column][\/vc_row][vc_row equal_height=&#8221;yes&#8221; content_placement=&#8221;top&#8221;][vc_column width=&#8221;1\/3&#8243;][vc_single_image image=&#8221;1001&#8243; img_size=&#8221;medium&#8221;][vc_column_text] Zafer Kaya M.D. FEBOPRAS Le Dr Zafer Kaya a obtenu son dipl\u00f4me du d\u00e9partement d\u2019anglais de la Facult\u00e9 de M\u00e9decine de l\u2019Universit\u00e9 Hacettepe et a obtenu le titre de Docteur en M\u00e9decine. Il a pr\u00e9f\u00e9r\u00e9 \u00e9tudier dans le d\u00e9partement de chirurgie plastique lors de [&hellip;]<\/p>\n","protected":false},"author":1,"featured_media":0,"parent":0,"menu_order":0,"comment_status":"closed","ping_status":"closed","template":"templates\/fullwidth.php","meta":{"footnotes":""},"class_list":["post-966","page","type-page","status-publish","hentry","clearfix"],"_links":{"self":[{"href":"https:\/\/healthru.net\/fr\/wp-json\/wp\/v2\/pages\/966","targetHints":{"allow":["GET"]}}],"collection":[{"href":"https:\/\/healthru.net\/fr\/wp-json\/wp\/v2\/pages"}],"about":[{"href":"https:\/\/healthru.net\/fr\/wp-json\/wp\/v2\/types\/page"}],"author":[{"embeddable":true,"href":"https:\/\/healthru.net\/fr\/wp-json\/wp\/v2\/users\/1"}],"replies":[{"embeddable":true,"href":"https:\/\/healthru.net\/fr\/wp-json\/wp\/v2\/comments?post=966"}],"version-history":[{"count":7,"href":"https:\/\/healthru.net\/fr\/wp-json\/wp\/v2\/pages\/966\/revisions"}],"predecessor-version":[{"id":1026,"href":"https:\/\/healthru.net\/fr\/wp-json\/wp\/v2\/pages\/966\/revisions\/1026"}],"wp:attachment":[{"href":"https:\/\/healthru.net\/fr\/wp-json\/wp\/v2\/media?parent=966"}],"curies":[{"name":"wp","href":"https:\/\/api.w.org\/{rel}","templated":true}]}}