{"id":918,"date":"2021-04-13T20:14:29","date_gmt":"2021-04-13T19:14:29","guid":{"rendered":"https:\/\/healthru.net\/?page_id=918"},"modified":"2021-04-13T20:18:57","modified_gmt":"2021-04-13T19:18:57","slug":"hakkimizda","status":"publish","type":"page","link":"https:\/\/healthru.net\/tr\/hakkimizda\/","title":{"rendered":"Hakk\u0131m\u0131zda"},"content":{"rendered":"<p>[vc_row][vc_column][vc_column_text]<\/p>\n<div class=\"heading_module__156eJ wil-text-left \">\n<h2 class=\"heading_title__1bzno\">HAKKIMIZDA<\/h2>\n<div class=\"heading_content__2mtYE\">\n<p><span style=\"font-weight: 400;\">\u0130htiya\u00e7 duydu\u011funuz en iyi sa\u011fl\u0131k hizmeti ve hizmet sa\u011flay\u0131c\u0131lar\u0131 hakk\u0131nda en do\u011fru bilgileri sa\u011flamaya \u00e7al\u0131\u015f\u0131yoruz. Amac\u0131m\u0131z, sa\u011fl\u0131k hizmeti deneyiminiz boyunca sizinle birlikte olmak ve d\u00fcnyan\u0131n her yerinden doktorlar ve klinikler sunmakt\u0131r. Healthru, d\u00fcnya \u00e7ap\u0131nda bir\u00e7ok yerel orta\u011f\u0131yla bu hizmeti y\u00fcksek kalite ve kolayl\u0131kla sunabilir.<\/span><\/p>\n<p><span style=\"font-weight: 400;\">Her hasta en iyi hekimlerden sa\u011fl\u0131k hizmeti almay\u0131 hak ediyor. Hastalar\u0131m\u0131z\u0131n t\u0131bbi ihtiya\u00e7lar\u0131, \u00f6zel istekleri, sa\u011fl\u0131k hizmetleri ve di\u011fer t\u00fcm gereksinimleri do\u011frultusunda h\u0131zl\u0131 \u00e7\u00f6z\u00fcmler sunuyoruz. Amac\u0131m\u0131z, d\u00fcnyadaki herkesin konumu ne olursa olsun en kaliteli sa\u011fl\u0131k hizmetlerinden yararlanmas\u0131n\u0131 sa\u011flamakt\u0131r.<\/span><\/p>\n<\/div>\n<\/div>\n<div class=\"wpb_text_column wpb_content_element \">\n<div class=\"wpb_wrapper\">\n<h2><span style=\"font-weight: 400;\">Healthru, farkl\u0131 sa\u011fl\u0131k sorunlar\u0131 olan her hastaya benzer bir yakla\u015f\u0131m benimsemek, tedavi s\u00fcreci hakk\u0131nda hastalar\u0131 yeterince bilgilendirmemek ve uzun bekleme s\u00fcreleri gibi bir\u00e7ok kalitesiz sa\u011fl\u0131k hizmetinden farkl\u0131 olarak, insanlara yard\u0131m ederek kaliteli sa\u011fl\u0131k hizmetlerinin \u00f6nc\u00fcs\u00fc olmay\u0131 hedeflemektedir.Burada en iyi uzman doktorlar\u0131 bulun.<\/span><\/h2>\n<\/div>\n<\/div>\n<p>[\/vc_column_text][\/vc_column][\/vc_row]<\/p>\n","protected":false},"excerpt":{"rendered":"<p>[vc_row][vc_column][vc_column_text] HAKKIMIZDA \u0130htiya\u00e7 duydu\u011funuz en iyi sa\u011fl\u0131k hizmeti ve hizmet sa\u011flay\u0131c\u0131lar\u0131 hakk\u0131nda en do\u011fru bilgileri sa\u011flamaya \u00e7al\u0131\u015f\u0131yoruz. Amac\u0131m\u0131z, sa\u011fl\u0131k hizmeti deneyiminiz boyunca sizinle birlikte olmak ve d\u00fcnyan\u0131n her yerinden doktorlar ve klinikler sunmakt\u0131r. Healthru, d\u00fcnya \u00e7ap\u0131nda bir\u00e7ok yerel orta\u011f\u0131yla bu hizmeti y\u00fcksek kalite ve kolayl\u0131kla sunabilir. Her hasta en iyi hekimlerden sa\u011fl\u0131k hizmeti almay\u0131 hak [&hellip;]<\/p>\n","protected":false},"author":1,"featured_media":0,"parent":0,"menu_order":0,"comment_status":"closed","ping_status":"open","template":"templates\/fullwidth.php","meta":{"footnotes":""},"class_list":["post-918","page","type-page","status-publish","hentry","clearfix"],"_links":{"self":[{"href":"https:\/\/healthru.net\/tr\/wp-json\/wp\/v2\/pages\/918","targetHints":{"allow":["GET"]}}],"collection":[{"href":"https:\/\/healthru.net\/tr\/wp-json\/wp\/v2\/pages"}],"about":[{"href":"https:\/\/healthru.net\/tr\/wp-json\/wp\/v2\/types\/page"}],"author":[{"embeddable":true,"href":"https:\/\/healthru.net\/tr\/wp-json\/wp\/v2\/users\/1"}],"replies":[{"embeddable":true,"href":"https:\/\/healthru.net\/tr\/wp-json\/wp\/v2\/comments?post=918"}],"version-history":[{"count":3,"href":"https:\/\/healthru.net\/tr\/wp-json\/wp\/v2\/pages\/918\/revisions"}],"predecessor-version":[{"id":921,"href":"https:\/\/healthru.net\/tr\/wp-json\/wp\/v2\/pages\/918\/revisions\/921"}],"wp:attachment":[{"href":"https:\/\/healthru.net\/tr\/wp-json\/wp\/v2\/media?parent=918"}],"curies":[{"name":"wp","href":"https:\/\/api.w.org\/{rel}","templated":true}]}}