{"id":922,"date":"2021-04-13T20:21:23","date_gmt":"2021-04-13T19:21:23","guid":{"rendered":"https:\/\/healthru.net\/?page_id=922"},"modified":"2021-04-13T20:31:46","modified_gmt":"2021-04-13T19:31:46","slug":"hizmetlerimiz","status":"publish","type":"page","link":"https:\/\/healthru.net\/tr\/hizmetlerimiz\/","title":{"rendered":"Hizmetlerimiz"},"content":{"rendered":"<p>[vc_row][vc_column][vc_column_text]<\/p>\r\n<h2 class=\"wp-block-heading\">Hizmetlerimiz<\/h2>\r\n\r\n<p>&nbsp;<\/p>\r\n\r\n<h3 class=\"wp-block-heading\"><img decoding=\"async\" src=\"http:\/\/www.travelmeduk.com\/images\/b1.png\" alt=\"\" \/> Bekleme listesi yok &#8211;\u00a0<span style=\"font-weight: 400;\"><strong>3 Hafta \u0130\u00e7inde Sorunsuz \u015eekilde Yap\u0131lan \u0130\u015flemler\/Operasyonlar<\/strong><\/span><\/h3>\r\n<h3><img decoding=\"async\" src=\"http:\/\/www.travelmeduk.com\/images\/b1.png\" alt=\"\" \/>\u00a0<strong>Gezinizin Her Y\u00f6n\u00fcyle Sizin \u0130\u00e7in \u0130lgileniliyor<\/strong><\/h3>\r\n<h3><img decoding=\"async\" src=\"http:\/\/www.travelmeduk.com\/images\/b1.png\" alt=\"\" \/> \u00a0<strong>Rahatlat\u0131c\u0131 Bir Molay\u0131 Tedavi \u0130le Birle\u015ftirin<\/strong><\/h3>\r\n<h3><img decoding=\"async\" src=\"http:\/\/www.travelmeduk.com\/images\/b1.png\" alt=\"\" \/> <strong>Havaalan\u0131 Kar\u015f\u0131lama ve Transferler<\/strong><\/h3>\r\n<h3><strong>Kozmetik Ve Plastik Cerrahi<\/strong><\/h3>\r\n<h3><strong>G\u00f6\u011f\u00fcs \u0130mplantlar\u0131<\/strong><\/h3>\r\n<h3><strong>Y\u00fcz Germe<\/strong><\/h3>\r\n<h3><strong>Liposuction<\/strong><\/h3>\r\n<h3><strong>Rinoplasti<\/strong><\/h3>\r\n<h3><img decoding=\"async\" src=\"http:\/\/www.travelmeduk.com\/images\/b1.png\" alt=\"\" \/> <strong>Sa\u00e7 Ekimi<\/strong><\/h3>\r\n<h3><span style=\"font-weight: 400;\">Safir Perk\u00fctan Y\u00f6ntem<\/span><\/h3>\r\n<h3><span style=\"font-weight: 400;\">FUE Y\u00f6ntemi<\/span><\/h3>\r\n<h3><span style=\"font-weight: 400;\">Sa\u00e7lar\u0131 K\u0131saltmadan<\/span><\/h3>\r\n<h3><span style=\"font-weight: 400;\">Sakal, B\u0131y\u0131k ve Ka\u015f<\/span><\/h3>\r\n<h3>\u00a0<\/h3>\r\n<h3><img decoding=\"async\" src=\"http:\/\/www.travelmeduk.com\/images\/b1.png\" alt=\"\" \/> <b>G\u00f6z Tedavileri<\/b><\/h3>\r\n<h3><span style=\"font-weight: 400;\">Lasik (\u0130ki G\u00f6z)<\/span><\/h3>\r\n<h3><span style=\"font-weight: 400;\">Katarakt Cerrahisi (G\u00f6z Ba\u015f\u0131na)<\/span><\/h3>\r\n<h3>\u00a0<\/h3>\r\n<h3><img decoding=\"async\" src=\"http:\/\/www.travelmeduk.com\/images\/b1.png\" alt=\"\" \/> <b>Obezite Cerrahisi<\/b><\/h3>\r\n<h3><span style=\"font-weight: 400;\">Mide Balonu<\/span><\/h3>\r\n<h3><span style=\"font-weight: 400;\">Mide Band\u0131 Cerrahisi<\/span><\/h3>\r\n<h3><span style=\"font-weight: 400;\">T\u00fcp Mide Ameliyat\u0131<\/span><\/h3>\r\n<h3><span style=\"font-weight: 400;\">Gastrik bypass ameliyat\u0131<\/span><\/h3>\r\n<h3>\u00a0<\/h3>\r\n<h3><img decoding=\"async\" src=\"http:\/\/www.travelmeduk.com\/images\/b1.png\" alt=\"\" \/> <b>Di\u015f Tedavileri<\/b><\/h3>\r\n<h3><span style=\"font-weight: 400;\">Di\u015f implant\u0131<\/span><\/h3>\r\n<h3><span style=\"font-weight: 400;\">A\u011f\u0131z ve \u00c7ene Cerrahisi<\/span><\/h3>\r\n<h3><span style=\"font-weight: 400;\">Ortodonti<\/span><\/h3>\r\n<h3>\u00a0<\/h3>\r\n<h3><img decoding=\"async\" src=\"http:\/\/www.travelmeduk.com\/images\/b1.png\" alt=\"\" \/> <b>Kontroller<\/b><\/h3>\r\n<h3><span style=\"font-weight: 400;\">Standart Check-up<\/span><\/h3>\r\n<h3><span style=\"font-weight: 400;\">Erkek Check up (40 ya\u015f alt\u0131)<\/span><\/h3>\r\n<h3><span style=\"font-weight: 400;\">Kad\u0131n Check up (40 ya\u015f alt\u0131)<\/span><\/h3>\r\n<h3><span style=\"font-weight: 400;\">Erkek Check up (40 ya\u015f \u00fcst\u00fc)<\/span><\/h3>\r\n<h3><span style=\"font-weight: 400;\">Kad\u0131n Check up (40 ya\u015f \u00fcst\u00fc)<\/span><\/h3>\r\n<p>&nbsp;<\/p>\r\n<h3><img decoding=\"async\" src=\"http:\/\/www.travelmeduk.com\/images\/b1.png\" alt=\"\" \/> \u00a0<b>IVF Tedavisi<\/b><\/h3>\r\n<p>&nbsp;<\/p>\r\n<p>[\/vc_column_text][\/vc_column][\/vc_row]<\/p>","protected":false},"excerpt":{"rendered":"<p>[vc_row][vc_column][vc_column_text] Hizmetlerimiz &nbsp; Bekleme listesi yok &#8211;\u00a03 Hafta \u0130\u00e7inde Sorunsuz \u015eekilde Yap\u0131lan \u0130\u015flemler\/Operasyonlar \u00a0Gezinizin Her Y\u00f6n\u00fcyle Sizin \u0130\u00e7in \u0130lgileniliyor \u00a0Rahatlat\u0131c\u0131 Bir Molay\u0131 Tedavi \u0130le Birle\u015ftirin Havaalan\u0131 Kar\u015f\u0131lama ve Transferler Kozmetik Ve Plastik Cerrahi G\u00f6\u011f\u00fcs \u0130mplantlar\u0131 Y\u00fcz Germe Liposuction Rinoplasti Sa\u00e7 Ekimi Safir Perk\u00fctan Y\u00f6ntem FUE Y\u00f6ntemi Sa\u00e7lar\u0131 K\u0131saltmadan Sakal, B\u0131y\u0131k ve Ka\u015f \u00a0 G\u00f6z Tedavileri [&hellip;]<\/p>\n","protected":false},"author":1,"featured_media":0,"parent":0,"menu_order":0,"comment_status":"closed","ping_status":"closed","template":"templates\/fullwidth.php","meta":{"footnotes":""},"class_list":["post-922","page","type-page","status-publish","hentry","clearfix"],"_links":{"self":[{"href":"https:\/\/healthru.net\/tr\/wp-json\/wp\/v2\/pages\/922","targetHints":{"allow":["GET"]}}],"collection":[{"href":"https:\/\/healthru.net\/tr\/wp-json\/wp\/v2\/pages"}],"about":[{"href":"https:\/\/healthru.net\/tr\/wp-json\/wp\/v2\/types\/page"}],"author":[{"embeddable":true,"href":"https:\/\/healthru.net\/tr\/wp-json\/wp\/v2\/users\/1"}],"replies":[{"embeddable":true,"href":"https:\/\/healthru.net\/tr\/wp-json\/wp\/v2\/comments?post=922"}],"version-history":[{"count":5,"href":"https:\/\/healthru.net\/tr\/wp-json\/wp\/v2\/pages\/922\/revisions"}],"predecessor-version":[{"id":927,"href":"https:\/\/healthru.net\/tr\/wp-json\/wp\/v2\/pages\/922\/revisions\/927"}],"wp:attachment":[{"href":"https:\/\/healthru.net\/tr\/wp-json\/wp\/v2\/media?parent=922"}],"curies":[{"name":"wp","href":"https:\/\/api.w.org\/{rel}","templated":true}]}}