{"id":928,"date":"2021-04-13T20:35:33","date_gmt":"2021-04-13T19:35:33","guid":{"rendered":"https:\/\/healthru.net\/?page_id=928"},"modified":"2025-02-05T08:38:37","modified_gmt":"2025-02-05T08:38:37","slug":"anlasmali-kurumlar","status":"publish","type":"page","link":"https:\/\/healthru.net\/tr\/anlasmali-kurumlar\/","title":{"rendered":"Anla\u015fmal\u0131 Kurumlar"},"content":{"rendered":"[vc_row][vc_column][vc_column_text]\r\n<h2>Anla\u015fmal\u0131 Sa\u011fl\u0131k Kurulu\u015flar\u0131<\/h2>\r\n[\/vc_column_text][\/vc_column][\/vc_row][vc_row equal_height=&#8221;yes&#8221; content_placement=&#8221;top&#8221;][vc_column width=&#8221;1\/3&#8243;][vc_single_image image=&#8221;1001&#8243; img_size=&#8221;medium&#8221;][vc_column_text]\r\n<p class=\"font_8\" style=\"text-align: center;\"><strong>Zafer Kaya DR. FEBOPRAS<\/strong><\/p>\r\n<p style=\"text-align: center;\">Hacettepe \u00dcniversitesi T\u0131p Fak\u00fcltesi \u0130ngilizce b\u00f6l\u00fcm\u00fcnden mezun oldu ve T\u0131p Doktoru \u00fcnvan\u0131n\u0131 ald\u0131. T\u0131pta Uzmanl\u0131k S\u0131nav\u0131nda (TUS) plastik cerrahi b\u00f6l\u00fcm\u00fcnde okumay\u0131 tercih etti. S\u0131navda dereceye girenler aras\u0131nda yer ald\u0131 ve \u0130stanbul Marmara \u00dcniversitesi T\u0131p Fak\u00fcltesi Plastik, Rekonstr\u00fcktif ve Estetik Cerrahi Anabilim Dal\u0131n\u0131 kazand\u0131.<\/p>\r\n<p style=\"text-align: center;\"><a href=\"https:\/\/www.drzaferkaya.com\/en\">https:\/\/www.drzaferkaya.com\/en<\/a><\/p>\r\n<p class=\"font_8\" style=\"text-align: center;\"><strong>Adres:<\/strong>\u00a0Rumeli Caddesi, No:22, Rumeli Plaza 3. Kat, \u015ei\u015fli \u2013 \u0130STANBUL \/ TURKEY<\/p>\r\n<p class=\"font_8\" style=\"text-align: center;\"><strong>E-mail:<\/strong>\u00a0<a href=\"mailto:info@drzaferkaya.com\" data-auto-recognition=\"true\">info@drzaferkaya.com<\/a><\/p>\r\n<p class=\"font_8\" style=\"text-align: center;\"><strong>Telefon:<\/strong>\u00a0+90 532 774 18 12<\/p>\r\n[\/vc_column_text][\/vc_column][vc_column width=&#8221;1\/3&#8243;][vc_single_image image=&#8221;1004&#8243; img_size=&#8221;medium&#8221;][vc_column_text]\r\n<p class=\"font_8\" style=\"text-align: center;\"><strong>Op. Dr. Tu\u011fba Feryal YILDIZ DE\u011eER<\/strong><\/p>\r\n<p style=\"text-align: center;\">Op. Tu\u011fba Feryal YILDIZ DE\u011eER 1989 y\u0131l\u0131nda Ankara\u2019da do\u011fdu.\r\n2013 y\u0131l\u0131nda Ege \u00dcniversitesi T\u0131p Fak\u00fcltesi\u2019nden mezun oldu. T\u0131p e\u011fitimini tamamlad\u0131ktan sonra 2018 y\u0131l\u0131nda \u0130stanbul \u00dcniversitesi Cerrahpa\u015fa T\u0131p Fak\u00fcltesi Plastik, Rekonstr\u00fcktif ve Estetik Cerrahi Anabilim Dal\u0131\u2019nda uzman oldu.<\/p>\r\n<p style=\"text-align: center;\"><a href=\"https:\/\/drferyaldeger.com\/en\/\">https:\/\/drferyaldeger.com\/en\/<\/a><\/p>\r\n<p style=\"text-align: center;\"><strong>Adres:<\/strong>\u00a0Me\u015fr\u00fbtiyet mahallesi Rumeli caddesi Rumeli plaza no:22 kat:3 daire:3 \u015ei\u015fli \u0130stanbul<\/p>\r\n<p style=\"text-align: center;\"><strong>E-Mail:<\/strong>\u00a0<a href=\"mailto:info@drferyaldeger.com\">info@drferyaldeger.com<\/a><\/p>\r\n<p style=\"text-align: center;\"><strong>Telefon:<\/strong>\u00a0+90 546 905 15 53<\/p>\r\n[\/vc_column_text][\/vc_column][vc_column width=&#8221;1\/3&#8243;][vc_single_image image=&#8221;1020&#8243; img_size=&#8221;medium&#8221;][vc_column_text]\r\n<p class=\"font_8\" style=\"text-align: center;\"><strong>Central Hospital Etiler<\/strong><\/p>\r\n<p style=\"text-align: center;\">Central Hospital, 1994 y\u0131l\u0131ndan beri sa\u011fl\u0131k hizmetlerinde \u00f6nc\u00fc bir rol \u00fcstlenmektedir. \u0130stanbul&#8217;un Kozyata\u011f\u0131, Ata\u015fehir ve Etiler b\u00f6lgelerinde bulunan \u015fubelerimizle, hem yurti\u00e7i hem de yurtd\u0131\u015f\u0131ndan gelen hastalar\u0131m\u0131za hizmet sunmaktay\u0131z. Modern t\u0131p teknolojilerinin en geli\u015fmi\u015f cihazlar\u0131n\u0131 kullanarak, hastalar\u0131m\u0131z\u0131n te\u015fhis ve tedavi s\u00fcre\u00e7lerinde en y\u00fcksek kaliteyi sa\u011flamay\u0131 hedefliyoruz.<\/p>\r\n<p style=\"text-align: center;\"><a href=\"http:\/\/www.central.com.tr\">www.central.com.tr<\/a><\/p>\r\n<p style=\"text-align: center;\"><strong>Adres:<\/strong> Etiler Nispetiye Caddesi, Ayd\u0131n Soka\u011f\u0131 No:1, Be\u015fikta\u015f\/\u0130stanbul<\/p>\r\n<p style=\"text-align: center;\"><strong>E-Mail:<\/strong><a href=\"mailto:info@metcer.com.tr\">info@metcer.com.tr<\/a><\/p>\r\n<p style=\"text-align: center;\"><strong>Telefon:<\/strong> 444 77 99<\/p>\r\n[\/vc_column_text][\/vc_column][\/vc_row]<!-- \/wp:post-content -->","protected":false},"excerpt":{"rendered":"<p>[vc_row][vc_column][vc_column_text] Anla\u015fmal\u0131 Sa\u011fl\u0131k Kurulu\u015flar\u0131 [\/vc_column_text][\/vc_column][\/vc_row][vc_row equal_height=&#8221;yes&#8221; content_placement=&#8221;top&#8221;][vc_column width=&#8221;1\/3&#8243;][vc_single_image image=&#8221;1001&#8243; img_size=&#8221;medium&#8221;][vc_column_text] Zafer Kaya DR. FEBOPRAS Hacettepe \u00dcniversitesi T\u0131p Fak\u00fcltesi \u0130ngilizce b\u00f6l\u00fcm\u00fcnden mezun oldu ve T\u0131p Doktoru \u00fcnvan\u0131n\u0131 ald\u0131. T\u0131pta Uzmanl\u0131k S\u0131nav\u0131nda (TUS) plastik cerrahi b\u00f6l\u00fcm\u00fcnde okumay\u0131 tercih etti. S\u0131navda dereceye girenler aras\u0131nda yer ald\u0131 ve \u0130stanbul Marmara \u00dcniversitesi T\u0131p Fak\u00fcltesi Plastik, Rekonstr\u00fcktif ve Estetik Cerrahi Anabilim [&hellip;]<\/p>\n","protected":false},"author":1,"featured_media":0,"parent":0,"menu_order":0,"comment_status":"closed","ping_status":"closed","template":"templates\/fullwidth.php","meta":{"footnotes":""},"class_list":["post-928","page","type-page","status-publish","hentry","clearfix"],"_links":{"self":[{"href":"https:\/\/healthru.net\/tr\/wp-json\/wp\/v2\/pages\/928","targetHints":{"allow":["GET"]}}],"collection":[{"href":"https:\/\/healthru.net\/tr\/wp-json\/wp\/v2\/pages"}],"about":[{"href":"https:\/\/healthru.net\/tr\/wp-json\/wp\/v2\/types\/page"}],"author":[{"embeddable":true,"href":"https:\/\/healthru.net\/tr\/wp-json\/wp\/v2\/users\/1"}],"replies":[{"embeddable":true,"href":"https:\/\/healthru.net\/tr\/wp-json\/wp\/v2\/comments?post=928"}],"version-history":[{"count":7,"href":"https:\/\/healthru.net\/tr\/wp-json\/wp\/v2\/pages\/928\/revisions"}],"predecessor-version":[{"id":1024,"href":"https:\/\/healthru.net\/tr\/wp-json\/wp\/v2\/pages\/928\/revisions\/1024"}],"wp:attachment":[{"href":"https:\/\/healthru.net\/tr\/wp-json\/wp\/v2\/media?parent=928"}],"curies":[{"name":"wp","href":"https:\/\/api.w.org\/{rel}","templated":true}]}}