{"id":945,"date":"2021-04-13T20:52:31","date_gmt":"2021-04-13T19:52:31","guid":{"rendered":"https:\/\/healthru.net\/?page_id=945"},"modified":"2021-04-13T20:56:00","modified_gmt":"2021-04-13T19:56:00","slug":"home","status":"publish","type":"page","link":"https:\/\/healthru.net\/tr\/","title":{"rendered":"home"},"content":{"rendered":"<p>[vc_row][vc_column][vc_column_text]<\/p>\n<h2 style=\"text-align: center;\"><b>Sa\u011fl\u0131kl\u0131 Bir Ya\u015fama dair 4 Ad\u0131m<\/b><\/h2>\n<p>[\/vc_column_text][vc_separator][\/vc_column][\/vc_row][vc_row][vc_column][vc_single_image image=&#8221;887&#8243; img_size=&#8221;large&#8221; alignment=&#8221;center&#8221;][\/vc_column][\/vc_row][vc_row][vc_column][vc_column_text]<\/p>\n<h3><b>T\u00dcRK\u0130YE K\u00dcRESEL SA\u011eLIK TUR\u0130ZM\u0130NE H\u00dcKMETMEYE DEVAM ED\u0130YOR<\/b><b><\/b><\/h3>\n<p>&nbsp;<\/p>\n<p><span style=\"font-weight: 400;\">T\u00fcrkiye&#8217;de sa\u011fl\u0131k turizmi \u015f\u00fcphesiz her y\u0131l b\u00fcy\u00fcyor ve \u00fclke k\u00fcresel end\u00fcstride hakim bir oyuncu haline geliyor. T\u00fcrkiye \u0130statistik Kurumu&#8217;nun (T\u00dc\u0130K) ge\u00e7ti\u011fimiz g\u00fcnlerde a\u00e7\u0131klad\u0131\u011f\u0131 verilere g\u00f6re, T\u00fcrkiye&#8217;de sa\u011fl\u0131k turizmi sekt\u00f6r\u00fc 2016&#8217;da y\u00fczde 12 artarak 700 milyon dolara ula\u015ft\u0131. T\u00fcrkiye, sa\u00e7 ekimi ve fizyoterapi hizmetleri i\u00e7in bir merkez haline geldi ve neredeyse 60 \u00fclkeden say\u0131s\u0131z hastay\u0131 a\u011f\u0131rlad\u0131.<\/span>[\/vc_column_text][\/vc_column][\/vc_row][vc_row][vc_column][vc_gallery type=&#8221;image_grid&#8221; images=&#8221;157,156,109,830,78&#8243; onclick=&#8221;&#8221;][\/vc_column][\/vc_row][vc_row][vc_column][vc_column_text]<\/p>\n<h3><b>T\u00dcRK\u0130YEDE MED\u0130KAL TUR\u0130ZM<\/b><\/h3>\n<p><b><br \/>\n<\/b><span style=\"font-weight: 400;\">T\u0131bbi tedavilerde en y\u00fcksek standartlar. T\u0131bbi seyahat edenler i\u00e7in \u00e7ok \u00e7e\u015fitli prosed\u00fcrler ve hizmetler. En d\u00fc\u015f\u00fck maliyetli se\u00e7eneklerle etkili tedavi y\u00f6ntemleri.<\/span><\/p>\n<p><span style=\"font-weight: 400;\">K\u00f6k H\u00fccre Nakilleri<\/span><\/p>\n<p><span style=\"font-weight: 400;\">Uyku bozukluklar\u0131<\/span><\/p>\n<p><span style=\"font-weight: 400;\">Sedef Hastal\u0131\u011f\u0131 Tedavisi<\/span><\/p>\n<p><span style=\"font-weight: 400;\">Fizyoterapi<\/span><\/p>\n<p><span style=\"font-weight: 400;\">Oksijen terapisi<\/span><\/p>\n<p><span style=\"font-weight: 400;\">Estetik Cerrahi<\/span>[\/vc_column_text][\/vc_column][\/vc_row][vc_row][vc_column][vc_column_text]<\/p>\n<h3 class=\"uppercase lg-title\"><span class=\"main-color\">HEALTHRU SERVICES<\/span><\/h3>\n<p>Medical appointments, Cost estimates for anticipated treatment, Help with airport transfers, Travel, and accommodation arrangements, Discounted flight rates and additional benefits, Arrangement of guest house\/accommodation services, Facilitation of admission, discharge and follow-up processes, Multilanguage speaking staff, and provision of interpreting services in English, Arrangement of air and ground ambulance services, Other services upon request.<\/p>\n<p>[\/vc_column_text][\/vc_column][\/vc_row]<\/p>\n","protected":false},"excerpt":{"rendered":"<p>[vc_row][vc_column][vc_column_text] Sa\u011fl\u0131kl\u0131 Bir Ya\u015fama dair 4 Ad\u0131m [\/vc_column_text][vc_separator][\/vc_column][\/vc_row][vc_row][vc_column][vc_single_image image=&#8221;887&#8243; img_size=&#8221;large&#8221; alignment=&#8221;center&#8221;][\/vc_column][\/vc_row][vc_row][vc_column][vc_column_text] T\u00dcRK\u0130YE K\u00dcRESEL SA\u011eLIK TUR\u0130ZM\u0130NE H\u00dcKMETMEYE DEVAM ED\u0130YOR &nbsp; T\u00fcrkiye&#8217;de sa\u011fl\u0131k turizmi \u015f\u00fcphesiz her y\u0131l b\u00fcy\u00fcyor ve \u00fclke k\u00fcresel end\u00fcstride hakim bir oyuncu haline geliyor. T\u00fcrkiye \u0130statistik Kurumu&#8217;nun (T\u00dc\u0130K) ge\u00e7ti\u011fimiz g\u00fcnlerde a\u00e7\u0131klad\u0131\u011f\u0131 verilere g\u00f6re, T\u00fcrkiye&#8217;de sa\u011fl\u0131k turizmi sekt\u00f6r\u00fc 2016&#8217;da y\u00fczde 12 artarak 700 milyon dolara [&hellip;]<\/p>\n","protected":false},"author":1,"featured_media":0,"parent":0,"menu_order":0,"comment_status":"open","ping_status":"open","template":"templates\/home.php","meta":{"footnotes":""},"class_list":["post-945","page","type-page","status-publish","hentry","clearfix"],"_links":{"self":[{"href":"https:\/\/healthru.net\/tr\/wp-json\/wp\/v2\/pages\/945","targetHints":{"allow":["GET"]}}],"collection":[{"href":"https:\/\/healthru.net\/tr\/wp-json\/wp\/v2\/pages"}],"about":[{"href":"https:\/\/healthru.net\/tr\/wp-json\/wp\/v2\/types\/page"}],"author":[{"embeddable":true,"href":"https:\/\/healthru.net\/tr\/wp-json\/wp\/v2\/users\/1"}],"replies":[{"embeddable":true,"href":"https:\/\/healthru.net\/tr\/wp-json\/wp\/v2\/comments?post=945"}],"version-history":[{"count":5,"href":"https:\/\/healthru.net\/tr\/wp-json\/wp\/v2\/pages\/945\/revisions"}],"predecessor-version":[{"id":950,"href":"https:\/\/healthru.net\/tr\/wp-json\/wp\/v2\/pages\/945\/revisions\/950"}],"wp:attachment":[{"href":"https:\/\/healthru.net\/tr\/wp-json\/wp\/v2\/media?parent=945"}],"curies":[{"name":"wp","href":"https:\/\/api.w.org\/{rel}","templated":true}]}}